{"id":10049,"date":"2021-08-26T14:09:13","date_gmt":"2021-08-26T13:09:13","guid":{"rendered":"http:\/\/stefanaumann.com\/?page_id=10049"},"modified":"2021-08-26T14:19:11","modified_gmt":"2021-08-26T13:19:11","slug":"experimente","status":"publish","type":"page","link":"https:\/\/stefanaumann.com\/?page_id=10049","title":{"rendered":"Experimente"},"content":{"rendered":"<div class=\"alignwide-wrap\" data-block=\"latest-posts\"><div class=\"wp-block-latest-posts__alignwide-wrap alignwide\"><ul class=\"wp-block-latest-posts__list is-grid columns-3 has-dates alignwide wp-block-latest-posts\"><li><div class=\"wp-block-latest-posts__featured-image\"><img loading=\"lazy\" decoding=\"async\" width=\"845\" height=\"347\" src=\"https:\/\/stefanaumann.com\/wp-content\/uploads\/2025\/11\/w004-845x347.jpg\" class=\"attachment-large size-large wp-post-image\" alt=\"\" style=\"\" srcset=\"https:\/\/stefanaumann.com\/wp-content\/uploads\/2025\/11\/w004-845x347.jpg 845w, https:\/\/stefanaumann.com\/wp-content\/uploads\/2025\/11\/w004-300x123.jpg 300w, https:\/\/stefanaumann.com\/wp-content\/uploads\/2025\/11\/w004-768x315.jpg 768w, https:\/\/stefanaumann.com\/wp-content\/uploads\/2025\/11\/w004-1536x630.jpg 1536w, https:\/\/stefanaumann.com\/wp-content\/uploads\/2025\/11\/w004-2048x840.jpg 2048w\" sizes=\"auto, (max-width: 845px) 100vw, 845px\" \/><\/div><a class=\"wp-block-latest-posts__post-title\" href=\"https:\/\/stefanaumann.com\/?p=10688\">Wangerooge analog<\/a><div class=\"entry-meta\"><time datetime=\"2025-11-18T20:24:01+01:00\" class=\"wp-block-latest-posts__post-date\">18. November 2025<\/time><\/div><div class=\"wp-block-latest-posts__post-excerpt\"><div class=\"entry-summary\">\nDer gesamte Film \u2013 inklusive Perforationsstreifen \u2013 wurde belichtet, ein Aufnahmeverfahren, das perfekt zum ungez\u00e4hmten Wetter passte.\n<\/div><div class=\"link-more-container\"><a href=\"https:\/\/stefanaumann.com\/?p=10688\" class=\"link-more\" aria-label=\"Continue reading Wangerooge analog\">Continue reading&hellip;<\/a><\/div><\/div><\/li>\n<li><div class=\"wp-block-latest-posts__featured-image\"><img loading=\"lazy\" decoding=\"async\" width=\"845\" height=\"845\" src=\"https:\/\/stefanaumann.com\/wp-content\/uploads\/2022\/01\/04-1-845x845.png\" class=\"attachment-large size-large wp-post-image\" alt=\"\" style=\"\" srcset=\"https:\/\/stefanaumann.com\/wp-content\/uploads\/2022\/01\/04-1-845x845.png 845w, https:\/\/stefanaumann.com\/wp-content\/uploads\/2022\/01\/04-1-300x300.png 300w, https:\/\/stefanaumann.com\/wp-content\/uploads\/2022\/01\/04-1-145x145.png 145w, https:\/\/stefanaumann.com\/wp-content\/uploads\/2022\/01\/04-1-768x768.png 768w, https:\/\/stefanaumann.com\/wp-content\/uploads\/2022\/01\/04-1-1536x1536.png 1536w, https:\/\/stefanaumann.com\/wp-content\/uploads\/2022\/01\/04-1-2048x2048.png 2048w, https:\/\/stefanaumann.com\/wp-content\/uploads\/2022\/01\/04-1-684x684.png 684w\" sizes=\"auto, (max-width: 845px) 100vw, 845px\" \/><\/div><a class=\"wp-block-latest-posts__post-title\" href=\"https:\/\/stefanaumann.com\/?p=10318\">6 x 9<\/a><div class=\"entry-meta\"><time datetime=\"2022-01-06T08:14:03+01:00\" class=\"wp-block-latest-posts__post-date\">6. Januar 2022<\/time><\/div><div class=\"wp-block-latest-posts__post-excerpt\"><div class=\"entry-summary\">\nZwei Entfernungseinstellungen stehen parat (\u201enah\u201c und \u201efern\u201c) und ganze vier Belichtungszeiten (1\/125, 1\/50, 1\/100, B).\n<\/div><div class=\"link-more-container\"><a href=\"https:\/\/stefanaumann.com\/?p=10318\" class=\"link-more\" aria-label=\"Continue reading 6 x 9\">Continue reading&hellip;<\/a><\/div><\/div><\/li>\n<li><div class=\"wp-block-latest-posts__featured-image\"><img loading=\"lazy\" decoding=\"async\" width=\"845\" height=\"526\" src=\"https:\/\/stefanaumann.com\/wp-content\/uploads\/2021\/09\/L1000764-845x526.jpg\" class=\"attachment-large size-large wp-post-image\" alt=\"\" style=\"\" srcset=\"https:\/\/stefanaumann.com\/wp-content\/uploads\/2021\/09\/L1000764-845x526.jpg 845w, https:\/\/stefanaumann.com\/wp-content\/uploads\/2021\/09\/L1000764-300x187.jpg 300w, https:\/\/stefanaumann.com\/wp-content\/uploads\/2021\/09\/L1000764-768x478.jpg 768w, https:\/\/stefanaumann.com\/wp-content\/uploads\/2021\/09\/L1000764.jpg 1500w\" sizes=\"auto, (max-width: 845px) 100vw, 845px\" \/><\/div><a class=\"wp-block-latest-posts__post-title\" href=\"https:\/\/stefanaumann.com\/?p=237\">Zitate<\/a><div class=\"entry-meta\"><time datetime=\"2021-09-14T10:00:00+01:00\" class=\"wp-block-latest-posts__post-date\">14. September 2021<\/time><\/div><div class=\"wp-block-latest-posts__post-excerpt\"><div class=\"entry-summary\">\nDoppelbelichtungen auf analogem Filmmaterial. Bild-Text-Kombination aus einem Zitat und der Bildebene. Dadurch, dass der Film zweifach durch die Kamera gezogen wird, entstehen interessante Kompositionen.\n<\/div><div class=\"link-more-container\"><a href=\"https:\/\/stefanaumann.com\/?p=237\" class=\"link-more\" aria-label=\"Continue reading Zitate\">Continue reading&hellip;<\/a><\/div><\/div><\/li>\n<li><div class=\"wp-block-latest-posts__featured-image\"><img loading=\"lazy\" decoding=\"async\" width=\"845\" height=\"845\" src=\"https:\/\/stefanaumann.com\/wp-content\/uploads\/2021\/03\/Insta-845x845.jpg\" class=\"attachment-large size-large wp-post-image\" alt=\"\" style=\"\" srcset=\"https:\/\/stefanaumann.com\/wp-content\/uploads\/2021\/03\/Insta-845x845.jpg 845w, https:\/\/stefanaumann.com\/wp-content\/uploads\/2021\/03\/Insta-300x300.jpg 300w, https:\/\/stefanaumann.com\/wp-content\/uploads\/2021\/03\/Insta-145x145.jpg 145w, https:\/\/stefanaumann.com\/wp-content\/uploads\/2021\/03\/Insta-768x768.jpg 768w, https:\/\/stefanaumann.com\/wp-content\/uploads\/2021\/03\/Insta-1536x1536.jpg 1536w, https:\/\/stefanaumann.com\/wp-content\/uploads\/2021\/03\/Insta.jpg 1772w\" sizes=\"auto, (max-width: 845px) 100vw, 845px\" \/><\/div><a class=\"wp-block-latest-posts__post-title\" href=\"https:\/\/stefanaumann.com\/?p=9596\">Zweifachbelichtung<\/a><div class=\"entry-meta\"><time datetime=\"2021-03-23T13:56:34+01:00\" class=\"wp-block-latest-posts__post-date\">23. M\u00e4rz 2021<\/time><\/div><div class=\"wp-block-latest-posts__post-excerpt\"><div class=\"entry-summary\">\nAnaloger Farbfilm wird zweifach durch die Kamera gezogen. Einmal habe ich ausgedruckte Zitate fotografiert, dann den Film zur\u00fcckgespult und wieder in die Kamera eingelegt. Dann wurde dieser ein weiteres Mal belichtet. So entstanden interessante Kombinationen.\n<\/div><div class=\"link-more-container\"><a href=\"https:\/\/stefanaumann.com\/?p=9596\" class=\"link-more\" aria-label=\"Continue reading Zweifachbelichtung\">Continue reading&hellip;<\/a><\/div><\/div><\/li>\n<li><div class=\"wp-block-latest-posts__featured-image\"><img loading=\"lazy\" decoding=\"async\" width=\"845\" height=\"845\" src=\"https:\/\/stefanaumann.com\/wp-content\/uploads\/2021\/02\/02-845x845.jpg\" class=\"attachment-large size-large wp-post-image\" alt=\"\" style=\"\" srcset=\"https:\/\/stefanaumann.com\/wp-content\/uploads\/2021\/02\/02-845x845.jpg 845w, https:\/\/stefanaumann.com\/wp-content\/uploads\/2021\/02\/02-300x300.jpg 300w, https:\/\/stefanaumann.com\/wp-content\/uploads\/2021\/02\/02-145x145.jpg 145w, https:\/\/stefanaumann.com\/wp-content\/uploads\/2021\/02\/02-768x768.jpg 768w, https:\/\/stefanaumann.com\/wp-content\/uploads\/2021\/02\/02-1536x1536.jpg 1536w, https:\/\/stefanaumann.com\/wp-content\/uploads\/2021\/02\/02.jpg 2000w\" sizes=\"auto, (max-width: 845px) 100vw, 845px\" \/><\/div><a class=\"wp-block-latest-posts__post-title\" href=\"https:\/\/stefanaumann.com\/?p=9524\">Teststrecke mit der Holga<\/a><div class=\"entry-meta\"><time datetime=\"2021-02-05T12:20:00+01:00\" class=\"wp-block-latest-posts__post-date\">5. Februar 2021<\/time><\/div><div class=\"wp-block-latest-posts__post-excerpt\"><div class=\"entry-summary\">\nAustesten der Kabelausl\u00f6serhalterung aus dem 3D-Drucker mit der Holga. \n\n<\/div><div class=\"link-more-container\"><a href=\"https:\/\/stefanaumann.com\/?p=9524\" class=\"link-more\" aria-label=\"Continue reading Teststrecke mit der Holga\">Continue reading&hellip;<\/a><\/div><\/div><\/li>\n<li><div class=\"wp-block-latest-posts__featured-image\"><img loading=\"lazy\" decoding=\"async\" width=\"845\" height=\"562\" src=\"https:\/\/stefanaumann.com\/wp-content\/uploads\/2017\/09\/L1005782-2-845x562.jpg\" class=\"attachment-large size-large wp-post-image\" alt=\"\" style=\"\" srcset=\"https:\/\/stefanaumann.com\/wp-content\/uploads\/2017\/09\/L1005782-2-845x562.jpg 845w, https:\/\/stefanaumann.com\/wp-content\/uploads\/2017\/09\/L1005782-2-300x200.jpg 300w, https:\/\/stefanaumann.com\/wp-content\/uploads\/2017\/09\/L1005782-2-768x511.jpg 768w, https:\/\/stefanaumann.com\/wp-content\/uploads\/2017\/09\/L1005782-2-1920x1278.jpg 1920w\" sizes=\"auto, (max-width: 845px) 100vw, 845px\" \/><\/div><a class=\"wp-block-latest-posts__post-title\" href=\"https:\/\/stefanaumann.com\/?p=8178\">Infrarotfotografie am Bergsee<\/a><div class=\"entry-meta\"><time datetime=\"2017-09-17T16:27:44+01:00\" class=\"wp-block-latest-posts__post-date\">17. September 2017<\/time><\/div><div class=\"wp-block-latest-posts__post-excerpt\"><div class=\"entry-summary\">\nInfrarotaufnahmen mit 720 Nanometerfilter am Bergsee in Damme.\n<\/div><div class=\"link-more-container\"><a href=\"https:\/\/stefanaumann.com\/?p=8178\" class=\"link-more\" aria-label=\"Continue reading Infrarotfotografie am Bergsee\">Continue reading&hellip;<\/a><\/div><\/div><\/li>\n<li><div class=\"wp-block-latest-posts__featured-image\"><img loading=\"lazy\" decoding=\"async\" width=\"845\" height=\"1183\" src=\"https:\/\/stefanaumann.com\/wp-content\/uploads\/2016\/12\/michelle-02-845x1183.jpg\" class=\"attachment-large size-large wp-post-image\" alt=\"\" style=\"\" srcset=\"https:\/\/stefanaumann.com\/wp-content\/uploads\/2016\/12\/michelle-02-845x1183.jpg 845w, https:\/\/stefanaumann.com\/wp-content\/uploads\/2016\/12\/michelle-02-214x300.jpg 214w, https:\/\/stefanaumann.com\/wp-content\/uploads\/2016\/12\/michelle-02-768x1076.jpg 768w, https:\/\/stefanaumann.com\/wp-content\/uploads\/2016\/12\/michelle-02-914x1280.jpg 914w, https:\/\/stefanaumann.com\/wp-content\/uploads\/2016\/12\/michelle-02.jpg 1071w\" sizes=\"auto, (max-width: 845px) 100vw, 845px\" \/><\/div><a class=\"wp-block-latest-posts__post-title\" href=\"https:\/\/stefanaumann.com\/?p=7786\">\u00dcberlagerung<\/a><div class=\"entry-meta\"><time datetime=\"2016-12-20T15:44:42+01:00\" class=\"wp-block-latest-posts__post-date\">20. Dezember 2016<\/time><\/div><div class=\"wp-block-latest-posts__post-excerpt\"><div class=\"entry-summary\">\nEntstandene Arbeiten im Rahmen eines Gasth\u00f6rersemesters an der Universit\u00e4t Vechta im Fach Designp\u00e4dagogik bei der Fotografin Sabine Bley.\n<\/div><div class=\"link-more-container\"><a href=\"https:\/\/stefanaumann.com\/?p=7786\" class=\"link-more\" aria-label=\"Continue reading \u00dcberlagerung\">Continue reading&hellip;<\/a><\/div><\/div><\/li>\n<li><div class=\"wp-block-latest-posts__featured-image\"><img loading=\"lazy\" decoding=\"async\" width=\"845\" height=\"556\" src=\"https:\/\/stefanaumann.com\/wp-content\/uploads\/2016\/01\/FB-01.jpg\" class=\"attachment-large size-large wp-post-image\" alt=\"\" style=\"\" srcset=\"https:\/\/stefanaumann.com\/wp-content\/uploads\/2016\/01\/FB-01.jpg 2278w, https:\/\/stefanaumann.com\/wp-content\/uploads\/2016\/01\/FB-01-300x198.jpg 300w, https:\/\/stefanaumann.com\/wp-content\/uploads\/2016\/01\/FB-01-768x506.jpg 768w, https:\/\/stefanaumann.com\/wp-content\/uploads\/2016\/01\/FB-01-1920x1264.jpg 1920w\" sizes=\"auto, (max-width: 845px) 100vw, 845px\" \/><\/div><a class=\"wp-block-latest-posts__post-title\" href=\"https:\/\/stefanaumann.com\/?p=7235\">Error 2<\/a><div class=\"entry-meta\"><time datetime=\"2016-01-29T08:00:57+01:00\" class=\"wp-block-latest-posts__post-date\">29. Januar 2016<\/time><\/div><div class=\"wp-block-latest-posts__post-excerpt\"><div class=\"entry-summary\">\nDiese Serie basiert auf Fehlbelichtungen, entstanden mit einer Adox Golf 2 auf Kleinbildfilm. Durch ein Versehen wurde das Filmnummernfenster der Kamera lichtdurchl\u00e4ssig, sodass der Film w\u00e4hrend der Aufnahmen partiell zus\u00e4tzlich belichtet wurde. Was als technischer Mangel begann, entwickelte sich zum zentralen \u00e4sthetischen Moment der Arbeiten.\n<\/div><div class=\"link-more-container\"><a href=\"https:\/\/stefanaumann.com\/?p=7235\" class=\"link-more\" aria-label=\"Continue reading Error 2\">Continue reading&hellip;<\/a><\/div><\/div><\/li>\n<li><div class=\"wp-block-latest-posts__featured-image\"><img loading=\"lazy\" decoding=\"async\" width=\"845\" height=\"1268\" src=\"https:\/\/stefanaumann.com\/wp-content\/uploads\/2016\/01\/daecher-01-1333x2000.jpg\" class=\"attachment-large size-large wp-post-image\" alt=\"\" style=\"\" srcset=\"https:\/\/stefanaumann.com\/wp-content\/uploads\/2016\/01\/daecher-01-1333x2000.jpg 1333w, https:\/\/stefanaumann.com\/wp-content\/uploads\/2016\/01\/daecher-01-200x300.jpg 200w, https:\/\/stefanaumann.com\/wp-content\/uploads\/2016\/01\/daecher-01-768x1152.jpg 768w, https:\/\/stefanaumann.com\/wp-content\/uploads\/2016\/01\/daecher-01-853x1280.jpg 853w, https:\/\/stefanaumann.com\/wp-content\/uploads\/2016\/01\/daecher-01.jpg 1500w\" sizes=\"auto, (max-width: 845px) 100vw, 845px\" \/><\/div><a class=\"wp-block-latest-posts__post-title\" href=\"https:\/\/stefanaumann.com\/?p=7205\">D\u00e4cher<\/a><div class=\"entry-meta\"><time datetime=\"2016-01-07T08:00:02+01:00\" class=\"wp-block-latest-posts__post-date\">7. Januar 2016<\/time><\/div><div class=\"wp-block-latest-posts__post-excerpt\"><div class=\"entry-summary\">\nSt. Gertrud in Lohne und aus dem B\u00fcrofenster\n<\/div><div class=\"link-more-container\"><a href=\"https:\/\/stefanaumann.com\/?p=7205\" class=\"link-more\" aria-label=\"Continue reading D\u00e4cher\">Continue reading&hellip;<\/a><\/div><\/div><\/li>\n<li><div class=\"wp-block-latest-posts__featured-image\"><img loading=\"lazy\" decoding=\"async\" width=\"845\" height=\"876\" src=\"https:\/\/stefanaumann.com\/wp-content\/uploads\/2016\/01\/KN-Daniel.jpg\" class=\"attachment-large size-large wp-post-image\" alt=\"\" style=\"\" srcset=\"https:\/\/stefanaumann.com\/wp-content\/uploads\/2016\/01\/KN-Daniel.jpg 1447w, https:\/\/stefanaumann.com\/wp-content\/uploads\/2016\/01\/KN-Daniel-289x300.jpg 289w, https:\/\/stefanaumann.com\/wp-content\/uploads\/2016\/01\/KN-Daniel-768x796.jpg 768w, https:\/\/stefanaumann.com\/wp-content\/uploads\/2016\/01\/KN-Daniel-1235x1280.jpg 1235w\" sizes=\"auto, (max-width: 845px) 100vw, 845px\" \/><\/div><a class=\"wp-block-latest-posts__post-title\" href=\"https:\/\/stefanaumann.com\/?p=7193\">Kollodium Nassplatte<\/a><div class=\"entry-meta\"><time datetime=\"2016-01-06T08:00:43+01:00\" class=\"wp-block-latest-posts__post-date\">6. Januar 2016<\/time><\/div><div class=\"wp-block-latest-posts__post-excerpt\"><div class=\"entry-summary\">\nEin umgebautes Hasselbladmagazin konnte nun Metallplatten aufnehmen. Diese Platten mussten vorher mit einer Kollodiuml\u00f6sung versehen werden, mit Silbernitrat fotosensitiv gemacht werden und konnte dann im nassen Zustand fotografiert werden. Im Anschluss wurden die Platten entwickelt, fixiert und versiegelt werden.\n<\/div><div class=\"link-more-container\"><a href=\"https:\/\/stefanaumann.com\/?p=7193\" class=\"link-more\" aria-label=\"Continue reading Kollodium Nassplatte\">Continue reading&hellip;<\/a><\/div><\/div><\/li>\n<li><div class=\"wp-block-latest-posts__featured-image\"><img loading=\"lazy\" decoding=\"async\" width=\"845\" height=\"776\" src=\"https:\/\/stefanaumann.com\/wp-content\/uploads\/2015\/09\/error-03.jpg\" class=\"attachment-large size-large wp-post-image\" alt=\"\" style=\"\" srcset=\"https:\/\/stefanaumann.com\/wp-content\/uploads\/2015\/09\/error-03.jpg 1089w, https:\/\/stefanaumann.com\/wp-content\/uploads\/2015\/09\/error-03-300x275.jpg 300w\" sizes=\"auto, (max-width: 845px) 100vw, 845px\" \/><\/div><a class=\"wp-block-latest-posts__post-title\" href=\"https:\/\/stefanaumann.com\/?p=6904\">Error<\/a><div class=\"entry-meta\"><time datetime=\"2015-09-17T08:00:03+01:00\" class=\"wp-block-latest-posts__post-date\">17. September 2015<\/time><\/div><div class=\"wp-block-latest-posts__post-excerpt\"><div class=\"entry-summary\">\nFehlbelichtungen, die durch ein Zusammenkleben des Negativstreifens beim Entwickeln in der Entwicklungsdose zustande kamen.\n<\/div><div class=\"link-more-container\"><a href=\"https:\/\/stefanaumann.com\/?p=6904\" class=\"link-more\" aria-label=\"Continue reading Error\">Continue reading&hellip;<\/a><\/div><\/div><\/li>\n<li><div class=\"wp-block-latest-posts__featured-image\"><img loading=\"lazy\" decoding=\"async\" width=\"845\" height=\"845\" src=\"https:\/\/stefanaumann.com\/wp-content\/uploads\/2015\/05\/slitscan-daren-lkw01.jpg\" class=\"attachment-large size-large wp-post-image\" alt=\"\" style=\"\" srcset=\"https:\/\/stefanaumann.com\/wp-content\/uploads\/2015\/05\/slitscan-daren-lkw01.jpg 1000w, https:\/\/stefanaumann.com\/wp-content\/uploads\/2015\/05\/slitscan-daren-lkw01-145x145.jpg 145w, https:\/\/stefanaumann.com\/wp-content\/uploads\/2015\/05\/slitscan-daren-lkw01-300x300.jpg 300w\" sizes=\"auto, (max-width: 845px) 100vw, 845px\" \/><\/div><a class=\"wp-block-latest-posts__post-title\" href=\"https:\/\/stefanaumann.com\/?p=341\">Synchroballistische Fotografie<\/a><div class=\"entry-meta\"><time datetime=\"2015-09-16T08:00:42+01:00\" class=\"wp-block-latest-posts__post-date\">16. September 2015<\/time><\/div><div class=\"wp-block-latest-posts__post-excerpt\"><div class=\"entry-summary\">\nEine Kleinbildkamera wurde von mir mit einem Schlitzverschluss anstelle des serienm\u00e4\u00dfig verwendeten Metallamellenverschlusses umgebaut. Mittels eines Motordrives wird das analoge Filmmaterial in gleichbleibender Geschwindigkeit an diesem Verschluss vorbeigef\u00fchrt und belichtet. Da mit einem Stativ gearbeitet wird, wird immer der gleiche Bildausschnitt fotografiert \u2013\u00a0nur das sich bewegende Sujet \u00e4ndert sich. Dadurch wird der Hintergrund zu einem Streifenhintergrund.\n<\/div><div class=\"link-more-container\"><a href=\"https:\/\/stefanaumann.com\/?p=341\" class=\"link-more\" aria-label=\"Continue reading Synchroballistische Fotografie\">Continue reading&hellip;<\/a><\/div><\/div><\/li>\n<li><div class=\"wp-block-latest-posts__featured-image\"><img loading=\"lazy\" decoding=\"async\" width=\"667\" height=\"1000\" src=\"https:\/\/stefanaumann.com\/wp-content\/uploads\/2012\/09\/bokehs-04.jpg\" class=\"attachment-large size-large wp-post-image\" alt=\"\" style=\"\" srcset=\"https:\/\/stefanaumann.com\/wp-content\/uploads\/2012\/09\/bokehs-04.jpg 667w, https:\/\/stefanaumann.com\/wp-content\/uploads\/2012\/09\/bokehs-04-200x300.jpg 200w\" sizes=\"auto, (max-width: 667px) 100vw, 667px\" \/><\/div><a class=\"wp-block-latest-posts__post-title\" href=\"https:\/\/stefanaumann.com\/?p=329\">Lichtunsch\u00e4rfe<\/a><div class=\"entry-meta\"><time datetime=\"2015-09-16T08:00:13+01:00\" class=\"wp-block-latest-posts__post-date\">16. September 2015<\/time><\/div><div class=\"wp-block-latest-posts__post-excerpt\"><div class=\"entry-summary\">\nDiese Arbeiten entstehen aus der bewussten Abkehr von Sch\u00e4rfe und Kontrolle. Lichtquellen werden au\u00dferhalb des Kamerafokus fotografiert, die Kamera gezielt auf Unsch\u00e4rfe eingestellt. Was \u00fcblicherweise als technischer Fehler gilt, wird hier zum gestalterischen Prinzip.\n<\/div><div class=\"link-more-container\"><a href=\"https:\/\/stefanaumann.com\/?p=329\" class=\"link-more\" aria-label=\"Continue reading Lichtunsch\u00e4rfe\">Continue reading&hellip;<\/a><\/div><\/div><\/li>\n<li><div class=\"wp-block-latest-posts__featured-image\"><img loading=\"lazy\" decoding=\"async\" width=\"785\" height=\"523\" src=\"https:\/\/stefanaumann.com\/wp-content\/uploads\/2013\/03\/lith-Tannen-785x523.jpg\" class=\"attachment-large size-large wp-post-image\" alt=\"\" style=\"\" srcset=\"https:\/\/stefanaumann.com\/wp-content\/uploads\/2013\/03\/lith-Tannen-785x523.jpg 785w, https:\/\/stefanaumann.com\/wp-content\/uploads\/2013\/03\/lith-Tannen-300x200.jpg 300w, https:\/\/stefanaumann.com\/wp-content\/uploads\/2013\/03\/lith-Tannen-1920x1280.jpg 1920w\" sizes=\"auto, (max-width: 785px) 100vw, 785px\" \/><\/div><a class=\"wp-block-latest-posts__post-title\" href=\"https:\/\/stefanaumann.com\/?p=818\">Lithprints<\/a><div class=\"entry-meta\"><time datetime=\"2015-09-16T08:00:00+01:00\" class=\"wp-block-latest-posts__post-date\">16. September 2015<\/time><\/div><div class=\"wp-block-latest-posts__post-excerpt\"><div class=\"entry-summary\">\nAusgangspunkt sind analoge Negative, die in einem speziellen Belichtungs- und Entwicklungsverfahren auf Fotopapier belichtet werden. Die verwendeten Parameter wie Zeiten, Lichtmengen und Temperaturen f\u00fchren zu unterschiedlichen F\u00e4rbungen und Auspr\u00e4gungen.\n<\/div><div class=\"link-more-container\"><a href=\"https:\/\/stefanaumann.com\/?p=818\" class=\"link-more\" aria-label=\"Continue reading Lithprints\">Continue reading&hellip;<\/a><\/div><\/div><\/li>\n<li><div class=\"wp-block-latest-posts__featured-image\"><img loading=\"lazy\" decoding=\"async\" width=\"785\" height=\"523\" src=\"https:\/\/stefanaumann.com\/wp-content\/uploads\/2014\/04\/streiflichter01-785x523.jpg\" class=\"attachment-large size-large wp-post-image\" alt=\"\" style=\"\" srcset=\"https:\/\/stefanaumann.com\/wp-content\/uploads\/2014\/04\/streiflichter01-785x523.jpg 785w, https:\/\/stefanaumann.com\/wp-content\/uploads\/2014\/04\/streiflichter01-300x200.jpg 300w, https:\/\/stefanaumann.com\/wp-content\/uploads\/2014\/04\/streiflichter01.jpg 1200w\" sizes=\"auto, (max-width: 785px) 100vw, 785px\" \/><\/div><a class=\"wp-block-latest-posts__post-title\" href=\"https:\/\/stefanaumann.com\/?p=149\">Streiflichter<\/a><div class=\"entry-meta\"><time datetime=\"2015-01-12T08:00:26+01:00\" class=\"wp-block-latest-posts__post-date\">12. Januar 2015<\/time><\/div><div class=\"wp-block-latest-posts__post-excerpt\"><div class=\"entry-summary\">\nZwischen Bewegung und Stillstand entstehen diese Bilder: Langzeitbelichtungen, aufgenommen aus dem fahrenden Auto heraus, in denen sich Licht in flie\u00dfende Spuren verwandelt.\n<\/div><div class=\"link-more-container\"><a href=\"https:\/\/stefanaumann.com\/?p=149\" class=\"link-more\" aria-label=\"Continue reading Streiflichter\">Continue reading&hellip;<\/a><\/div><\/div><\/li>\n<\/ul><\/div><\/div>\n\n\n<p><\/p>\n","protected":false},"excerpt":{"rendered":"<div class=\"link-more-container\"><a href=\"https:\/\/stefanaumann.com\/?page_id=10049\" class=\"link-more\" aria-label=\"Continue reading Experimente\">Continue reading&hellip;<\/a><\/div>\n","protected":false},"author":1,"featured_media":0,"parent":9748,"menu_order":0,"comment_status":"closed","ping_status":"closed","template":"templates\/no-intro-header-overlaid-dark.php","meta":{"footnotes":""},"class_list":["post-10049","page","type-page","status-publish","hentry","entry","entry-type-page"],"_links":{"self":[{"href":"https:\/\/stefanaumann.com\/index.php?rest_route=\/wp\/v2\/pages\/10049","targetHints":{"allow":["GET"]}}],"collection":[{"href":"https:\/\/stefanaumann.com\/index.php?rest_route=\/wp\/v2\/pages"}],"about":[{"href":"https:\/\/stefanaumann.com\/index.php?rest_route=\/wp\/v2\/types\/page"}],"author":[{"embeddable":true,"href":"https:\/\/stefanaumann.com\/index.php?rest_route=\/wp\/v2\/users\/1"}],"replies":[{"embeddable":true,"href":"https:\/\/stefanaumann.com\/index.php?rest_route=%2Fwp%2Fv2%2Fcomments&post=10049"}],"version-history":[{"count":4,"href":"https:\/\/stefanaumann.com\/index.php?rest_route=\/wp\/v2\/pages\/10049\/revisions"}],"predecessor-version":[{"id":10245,"href":"https:\/\/stefanaumann.com\/index.php?rest_route=\/wp\/v2\/pages\/10049\/revisions\/10245"}],"up":[{"embeddable":true,"href":"https:\/\/stefanaumann.com\/index.php?rest_route=\/wp\/v2\/pages\/9748"}],"wp:attachment":[{"href":"https:\/\/stefanaumann.com\/index.php?rest_route=%2Fwp%2Fv2%2Fmedia&parent=10049"}],"curies":[{"name":"wp","href":"https:\/\/api.w.org\/{rel}","templated":true}]}}